{"id":631,"date":"2023-08-01T14:08:18","date_gmt":"2023-08-01T12:08:18","guid":{"rendered":"https:\/\/visi.nettech.cz\/?page_id=631"},"modified":"2023-09-01T07:35:40","modified_gmt":"2023-09-01T05:35:40","slug":"galerie","status":"publish","type":"page","link":"https:\/\/visi.nettech.cz\/?page_id=631","title":{"rendered":"Galerie"},"content":{"rendered":"\t\t<div data-elementor-type=\"wp-page\" data-elementor-id=\"631\" class=\"elementor elementor-631\" data-elementor-post-type=\"page\">\n\t\t\t\t\t\t\t\t\t<section class=\"elementor-section elementor-top-section elementor-element elementor-element-61ab3e0 elementor-section-full_width elementor-section-height-default elementor-section-height-default\" data-id=\"61ab3e0\" data-element_type=\"section\" data-settings=\"{&quot;background_background&quot;:&quot;classic&quot;,&quot;_ha_eqh_enable&quot;:false}\">\n\t\t\t\t\t\t\t<div class=\"elementor-background-overlay\"><\/div>\n\t\t\t\t\t\t\t<div class=\"elementor-container elementor-column-gap-default\">\n\t\t\t\t\t<div class=\"elementor-column elementor-col-100 elementor-top-column elementor-element elementor-element-3796018\" data-id=\"3796018\" data-element_type=\"column\" data-settings=\"{&quot;background_background&quot;:&quot;classic&quot;}\">\n\t\t\t<div class=\"elementor-widget-wrap elementor-element-populated\">\n\t\t\t\t\t<div class=\"elementor-background-overlay\"><\/div>\n\t\t\t\t\t\t\t\t<div class=\"elementor-element elementor-element-0b7918b elementor-widget elementor-widget-heading\" data-id=\"0b7918b\" data-element_type=\"widget\" data-widget_type=\"heading.default\">\n\t\t\t\t<div class=\"elementor-widget-container\">\n\t\t\t<style>\/*! elementor - v3.14.0 - 26-06-2023 *\/\n.elementor-heading-title{padding:0;margin:0;line-height:1}.elementor-widget-heading .elementor-heading-title[class*=elementor-size-]>a{color:inherit;font-size:inherit;line-height:inherit}.elementor-widget-heading .elementor-heading-title.elementor-size-small{font-size:15px}.elementor-widget-heading .elementor-heading-title.elementor-size-medium{font-size:19px}.elementor-widget-heading .elementor-heading-title.elementor-size-large{font-size:29px}.elementor-widget-heading .elementor-heading-title.elementor-size-xl{font-size:39px}.elementor-widget-heading .elementor-heading-title.elementor-size-xxl{font-size:59px}<\/style><h1 class=\"elementor-heading-title elementor-size-default\">Galerie<\/h1>\t\t<\/div>\n\t\t\t\t<\/div>\n\t\t\t\t\t<\/div>\n\t\t<\/div>\n\t\t\t\t\t\t\t<\/div>\n\t\t<\/section>\n\t\t\t\t<section class=\"elementor-section elementor-top-section elementor-element elementor-element-a672106 elementor-section-content-middle elementor-section-boxed elementor-section-height-default elementor-section-height-default\" data-id=\"a672106\" data-element_type=\"section\" data-settings=\"{&quot;background_background&quot;:&quot;classic&quot;,&quot;_ha_eqh_enable&quot;:false}\">\n\t\t\t\t\t\t\t<div class=\"elementor-background-overlay\"><\/div>\n\t\t\t\t\t\t\t<div class=\"elementor-container elementor-column-gap-default\">\n\t\t\t\t\t<div class=\"elementor-column elementor-col-100 elementor-top-column elementor-element elementor-element-07bcaf2\" data-id=\"07bcaf2\" data-element_type=\"column\">\n\t\t\t<div class=\"elementor-widget-wrap elementor-element-populated\">\n\t\t\t\t\t\t\t\t<section class=\"elementor-section elementor-inner-section elementor-element elementor-element-dcbd9b2 elementor-section-boxed elementor-section-height-default elementor-section-height-default\" data-id=\"dcbd9b2\" data-element_type=\"section\" data-settings=\"{&quot;_ha_eqh_enable&quot;:false}\">\n\t\t\t\t\t\t<div class=\"elementor-container elementor-column-gap-default\">\n\t\t\t\t\t<div class=\"elementor-column elementor-col-50 elementor-inner-column elementor-element elementor-element-ca5e09f\" data-id=\"ca5e09f\" data-element_type=\"column\">\n\t\t\t<div class=\"elementor-widget-wrap elementor-element-populated\">\n\t\t\t\t\t\t\t\t<div class=\"elementor-element elementor-element-5c2db24 elementor-view-default elementor-widget elementor-widget-icon\" data-id=\"5c2db24\" data-element_type=\"widget\" data-widget_type=\"icon.default\">\n\t\t\t\t<div class=\"elementor-widget-container\">\n\t\t\t\t\t<div class=\"elementor-icon-wrapper\">\n\t\t\t<div class=\"elementor-icon\">\n\t\t\t<svg xmlns=\"http:\/\/www.w3.org\/2000\/svg\" width=\"43.32\" height=\"32.019\" viewBox=\"0 0 43.32 32.019\"><path id=\"icon\" d=\"M40.553,39.019H4.767A3.767,3.767,0,0,1,1,35.252V10.767A3.767,3.767,0,0,1,4.767,7H40.553a3.767,3.767,0,0,1,3.767,3.767V35.252A3.767,3.767,0,0,1,40.553,39.019Zm1.883-28.252a1.884,1.884,0,0,0-1.883-1.883H4.767a1.884,1.884,0,0,0-1.883,1.883V35.252a1.884,1.884,0,0,0,1.883,1.883H40.553a1.884,1.884,0,0,0,1.883-1.883ZM38.984,33.1l-5.965-5.965-3.408,3.408,3.14,3.14a.92.92,0,0,1-1.3,1.3l-13.5-13.5L6.336,33.1a.92.92,0,1,1-1.3-1.3L17.189,19.647a.843.843,0,0,1,.089-.136.864.864,0,0,1,1.436.136l9.6,9.6L32.257,25.3a.963.963,0,0,1,.089-.136.989.989,0,0,1,1.347,0,.963.963,0,0,1,.089.136l6.5,6.5a.92.92,0,0,1-1.3,1.3ZM27.369,18.3a3.767,3.767,0,1,1,3.767-3.767A3.767,3.767,0,0,1,27.369,18.3Zm0-5.65a1.883,1.883,0,1,0,1.883,1.883A1.884,1.884,0,0,0,27.369,12.65Z\" transform=\"translate(-1 -7)\" fill=\"#007c8a\" fill-rule=\"evenodd\"><\/path><\/svg>\t\t\t<\/div>\n\t\t<\/div>\n\t\t\t\t<\/div>\n\t\t\t\t<\/div>\n\t\t\t\t<div class=\"elementor-element elementor-element-7b4f352 elementor-widget elementor-widget-text-editor\" data-id=\"7b4f352\" data-element_type=\"widget\" data-widget_type=\"text-editor.default\">\n\t\t\t\t<div class=\"elementor-widget-container\">\n\t\t\t<style>\/*! elementor - v3.14.0 - 26-06-2023 *\/\n.elementor-widget-text-editor.elementor-drop-cap-view-stacked .elementor-drop-cap{background-color:#69727d;color:#fff}.elementor-widget-text-editor.elementor-drop-cap-view-framed .elementor-drop-cap{color:#69727d;border:3px solid;background-color:transparent}.elementor-widget-text-editor:not(.elementor-drop-cap-view-default) .elementor-drop-cap{margin-top:8px}.elementor-widget-text-editor:not(.elementor-drop-cap-view-default) .elementor-drop-cap-letter{width:1em;height:1em}.elementor-widget-text-editor .elementor-drop-cap{float:left;text-align:center;line-height:1;font-size:50px}.elementor-widget-text-editor .elementor-drop-cap-letter{display:inline-block}<\/style>\t\t\t\t<p>Prohl\u00e9dn\u011bte si are\u00e1l<\/p>\t\t\t\t\t\t<\/div>\n\t\t\t\t<\/div>\n\t\t\t\t<div class=\"elementor-element elementor-element-3b69187 elementor-widget elementor-widget-heading\" data-id=\"3b69187\" data-element_type=\"widget\" data-widget_type=\"heading.default\">\n\t\t\t\t<div class=\"elementor-widget-container\">\n\t\t\t<h2 class=\"elementor-heading-title elementor-size-default\">Jste zv\u011bdav\u00ed, jak to u n\u00e1s vypad\u00e1?<\/h2>\t\t<\/div>\n\t\t\t\t<\/div>\n\t\t\t\t\t<\/div>\n\t\t<\/div>\n\t\t\t\t<div class=\"elementor-column elementor-col-50 elementor-inner-column elementor-element elementor-element-1e7407d\" data-id=\"1e7407d\" data-element_type=\"column\">\n\t\t\t<div class=\"elementor-widget-wrap\">\n\t\t\t\t\t\t\t\t\t<\/div>\n\t\t<\/div>\n\t\t\t\t\t\t\t<\/div>\n\t\t<\/section>\n\t\t\t\t\t<\/div>\n\t\t<\/div>\n\t\t\t\t\t\t\t<\/div>\n\t\t<\/section>\n\t\t\t\t<section class=\"elementor-section elementor-top-section elementor-element elementor-element-ae576df elementor-section-boxed elementor-section-height-default elementor-section-height-default\" data-id=\"ae576df\" data-element_type=\"section\" data-settings=\"{&quot;background_background&quot;:&quot;classic&quot;,&quot;_ha_eqh_enable&quot;:false}\">\n\t\t\t\t\t\t<div class=\"elementor-container elementor-column-gap-default\">\n\t\t\t\t\t<div class=\"elementor-column elementor-col-100 elementor-top-column elementor-element elementor-element-2dd40f6\" data-id=\"2dd40f6\" data-element_type=\"column\" data-settings=\"{&quot;background_background&quot;:&quot;classic&quot;}\">\n\t\t\t<div class=\"elementor-widget-wrap elementor-element-populated\">\n\t\t\t\t\t\t\t\t<div class=\"elementor-element elementor-element-99f7f5c gallery-spacing-custom elementor-widget elementor-widget-image-gallery\" data-id=\"99f7f5c\" data-element_type=\"widget\" data-widget_type=\"image-gallery.default\">\n\t\t\t\t<div class=\"elementor-widget-container\">\n\t\t\t<style>.elementor-image-gallery .gallery-item{display:inline-block;text-align:center;vertical-align:top;width:100%;max-width:100%;margin:0 auto}.elementor-image-gallery .gallery-item img{margin:0 auto}.elementor-image-gallery .gallery-item .gallery-caption{margin:0}.elementor-image-gallery figure img{display:block}.elementor-image-gallery figure figcaption{width:100%}.gallery-spacing-custom .elementor-image-gallery .gallery-icon{padding:0}@media (min-width:768px){.elementor-image-gallery .gallery-columns-2 .gallery-item{max-width:50%}.elementor-image-gallery .gallery-columns-3 .gallery-item{max-width:33.33%}.elementor-image-gallery .gallery-columns-4 .gallery-item{max-width:25%}.elementor-image-gallery .gallery-columns-5 .gallery-item{max-width:20%}.elementor-image-gallery .gallery-columns-6 .gallery-item{max-width:16.666%}.elementor-image-gallery .gallery-columns-7 .gallery-item{max-width:14.28%}.elementor-image-gallery .gallery-columns-8 .gallery-item{max-width:12.5%}.elementor-image-gallery .gallery-columns-9 .gallery-item{max-width:11.11%}.elementor-image-gallery .gallery-columns-10 .gallery-item{max-width:10%}}@media (min-width:480px) and (max-width:767px){.elementor-image-gallery .gallery.gallery-columns-2 .gallery-item,.elementor-image-gallery .gallery.gallery-columns-3 .gallery-item,.elementor-image-gallery .gallery.gallery-columns-4 .gallery-item,.elementor-image-gallery .gallery.gallery-columns-5 .gallery-item,.elementor-image-gallery .gallery.gallery-columns-6 .gallery-item,.elementor-image-gallery .gallery.gallery-columns-7 .gallery-item,.elementor-image-gallery .gallery.gallery-columns-8 .gallery-item,.elementor-image-gallery .gallery.gallery-columns-9 .gallery-item,.elementor-image-gallery .gallery.gallery-columns-10 .gallery-item{max-width:50%}}@media (max-width:479px){.elementor-image-gallery .gallery.gallery-columns-2 .gallery-item,.elementor-image-gallery .gallery.gallery-columns-3 .gallery-item,.elementor-image-gallery .gallery.gallery-columns-4 .gallery-item,.elementor-image-gallery .gallery.gallery-columns-5 .gallery-item,.elementor-image-gallery .gallery.gallery-columns-6 .gallery-item,.elementor-image-gallery .gallery.gallery-columns-7 .gallery-item,.elementor-image-gallery .gallery.gallery-columns-8 .gallery-item,.elementor-image-gallery .gallery.gallery-columns-9 .gallery-item,.elementor-image-gallery .gallery.gallery-columns-10 .gallery-item{max-width:100%}}<\/style>\t\t<div class=\"elementor-image-gallery\">\n\t\t\t<div id='gallery-1' class='gallery galleryid-631 gallery-columns-3 gallery-size-full'><figure class='gallery-item'>\n\t\t\t<div class='gallery-icon portrait'>\n\t\t\t\t<a data-elementor-open-lightbox=\"yes\" data-elementor-lightbox-slideshow=\"99f7f5c\" data-elementor-lightbox-title=\"img6\" data-e-action-hash=\"#elementor-action%3Aaction%3Dlightbox%26settings%3DeyJpZCI6MTI1LCJ1cmwiOiJodHRwczpcL1wvdmlzaS5uZXR0ZWNoLmN6XC93cC1jb250ZW50XC91cGxvYWRzXC8yMDIzXC8wN1wvaW1nNi5qcGciLCJzbGlkZXNob3ciOiI5OWY3ZjVjIn0%3D\" href='https:\/\/visi.nettech.cz\/wp-content\/uploads\/2023\/07\/img6.jpg'><img loading=\"lazy\" decoding=\"async\" width=\"400\" height=\"420\" src=\"https:\/\/visi.nettech.cz\/wp-content\/uploads\/2023\/07\/img6.jpg\" class=\"attachment-full size-full\" alt=\"\" srcset=\"https:\/\/visi.nettech.cz\/wp-content\/uploads\/2023\/07\/img6.jpg 400w, https:\/\/visi.nettech.cz\/wp-content\/uploads\/2023\/07\/img6-286x300.jpg 286w\" sizes=\"auto, (max-width: 400px) 100vw, 400px\" style=\"width:100%;height:105%;max-width:400px;\" \/><\/a>\n\t\t\t<\/div><\/figure><figure class='gallery-item'>\n\t\t\t<div class='gallery-icon portrait'>\n\t\t\t\t<a data-elementor-open-lightbox=\"yes\" data-elementor-lightbox-slideshow=\"99f7f5c\" data-elementor-lightbox-title=\"img5\" data-e-action-hash=\"#elementor-action%3Aaction%3Dlightbox%26settings%3DeyJpZCI6MTI0LCJ1cmwiOiJodHRwczpcL1wvdmlzaS5uZXR0ZWNoLmN6XC93cC1jb250ZW50XC91cGxvYWRzXC8yMDIzXC8wN1wvaW1nNS5qcGciLCJzbGlkZXNob3ciOiI5OWY3ZjVjIn0%3D\" href='https:\/\/visi.nettech.cz\/wp-content\/uploads\/2023\/07\/img5.jpg'><img loading=\"lazy\" decoding=\"async\" width=\"400\" height=\"420\" src=\"https:\/\/visi.nettech.cz\/wp-content\/uploads\/2023\/07\/img5.jpg\" class=\"attachment-full size-full\" alt=\"\" srcset=\"https:\/\/visi.nettech.cz\/wp-content\/uploads\/2023\/07\/img5.jpg 400w, https:\/\/visi.nettech.cz\/wp-content\/uploads\/2023\/07\/img5-286x300.jpg 286w\" sizes=\"auto, (max-width: 400px) 100vw, 400px\" style=\"width:100%;height:105%;max-width:400px;\" \/><\/a>\n\t\t\t<\/div><\/figure><figure class='gallery-item'>\n\t\t\t<div class='gallery-icon portrait'>\n\t\t\t\t<a data-elementor-open-lightbox=\"yes\" data-elementor-lightbox-slideshow=\"99f7f5c\" data-elementor-lightbox-title=\"img4\" data-e-action-hash=\"#elementor-action%3Aaction%3Dlightbox%26settings%3DeyJpZCI6MTIzLCJ1cmwiOiJodHRwczpcL1wvdmlzaS5uZXR0ZWNoLmN6XC93cC1jb250ZW50XC91cGxvYWRzXC8yMDIzXC8wN1wvaW1nNC5qcGciLCJzbGlkZXNob3ciOiI5OWY3ZjVjIn0%3D\" href='https:\/\/visi.nettech.cz\/wp-content\/uploads\/2023\/07\/img4.jpg'><img loading=\"lazy\" decoding=\"async\" width=\"400\" height=\"420\" src=\"https:\/\/visi.nettech.cz\/wp-content\/uploads\/2023\/07\/img4.jpg\" class=\"attachment-full size-full\" alt=\"\" srcset=\"https:\/\/visi.nettech.cz\/wp-content\/uploads\/2023\/07\/img4.jpg 400w, https:\/\/visi.nettech.cz\/wp-content\/uploads\/2023\/07\/img4-286x300.jpg 286w\" sizes=\"auto, (max-width: 400px) 100vw, 400px\" style=\"width:100%;height:105%;max-width:400px;\" \/><\/a>\n\t\t\t<\/div><\/figure><figure class='gallery-item'>\n\t\t\t<div class='gallery-icon portrait'>\n\t\t\t\t<a data-elementor-open-lightbox=\"yes\" data-elementor-lightbox-slideshow=\"99f7f5c\" data-elementor-lightbox-title=\"img3\" data-e-action-hash=\"#elementor-action%3Aaction%3Dlightbox%26settings%3DeyJpZCI6MTIyLCJ1cmwiOiJodHRwczpcL1wvdmlzaS5uZXR0ZWNoLmN6XC93cC1jb250ZW50XC91cGxvYWRzXC8yMDIzXC8wN1wvaW1nMy5qcGciLCJzbGlkZXNob3ciOiI5OWY3ZjVjIn0%3D\" href='https:\/\/visi.nettech.cz\/wp-content\/uploads\/2023\/07\/img3.jpg'><img loading=\"lazy\" decoding=\"async\" width=\"400\" height=\"420\" src=\"https:\/\/visi.nettech.cz\/wp-content\/uploads\/2023\/07\/img3.jpg\" class=\"attachment-full size-full\" alt=\"\" srcset=\"https:\/\/visi.nettech.cz\/wp-content\/uploads\/2023\/07\/img3.jpg 400w, https:\/\/visi.nettech.cz\/wp-content\/uploads\/2023\/07\/img3-286x300.jpg 286w\" sizes=\"auto, (max-width: 400px) 100vw, 400px\" style=\"width:100%;height:105%;max-width:400px;\" \/><\/a>\n\t\t\t<\/div><\/figure><figure class='gallery-item'>\n\t\t\t<div class='gallery-icon portrait'>\n\t\t\t\t<a data-elementor-open-lightbox=\"yes\" data-elementor-lightbox-slideshow=\"99f7f5c\" data-elementor-lightbox-title=\"img1\" data-e-action-hash=\"#elementor-action%3Aaction%3Dlightbox%26settings%3DeyJpZCI6MTIwLCJ1cmwiOiJodHRwczpcL1wvdmlzaS5uZXR0ZWNoLmN6XC93cC1jb250ZW50XC91cGxvYWRzXC8yMDIzXC8wN1wvaW1nMS5qcGciLCJzbGlkZXNob3ciOiI5OWY3ZjVjIn0%3D\" href='https:\/\/visi.nettech.cz\/wp-content\/uploads\/2023\/07\/img1.jpg'><img loading=\"lazy\" decoding=\"async\" width=\"400\" height=\"420\" src=\"https:\/\/visi.nettech.cz\/wp-content\/uploads\/2023\/07\/img1.jpg\" class=\"attachment-full size-full\" alt=\"\" srcset=\"https:\/\/visi.nettech.cz\/wp-content\/uploads\/2023\/07\/img1.jpg 400w, https:\/\/visi.nettech.cz\/wp-content\/uploads\/2023\/07\/img1-286x300.jpg 286w\" sizes=\"auto, (max-width: 400px) 100vw, 400px\" style=\"width:100%;height:105%;max-width:400px;\" \/><\/a>\n\t\t\t<\/div><\/figure><figure class='gallery-item'>\n\t\t\t<div class='gallery-icon portrait'>\n\t\t\t\t<a data-elementor-open-lightbox=\"yes\" data-elementor-lightbox-slideshow=\"99f7f5c\" data-elementor-lightbox-title=\"img2\" data-e-action-hash=\"#elementor-action%3Aaction%3Dlightbox%26settings%3DeyJpZCI6MTIxLCJ1cmwiOiJodHRwczpcL1wvdmlzaS5uZXR0ZWNoLmN6XC93cC1jb250ZW50XC91cGxvYWRzXC8yMDIzXC8wN1wvaW1nMi5qcGciLCJzbGlkZXNob3ciOiI5OWY3ZjVjIn0%3D\" href='https:\/\/visi.nettech.cz\/wp-content\/uploads\/2023\/07\/img2.jpg'><img loading=\"lazy\" decoding=\"async\" width=\"400\" height=\"420\" src=\"https:\/\/visi.nettech.cz\/wp-content\/uploads\/2023\/07\/img2.jpg\" class=\"attachment-full size-full\" alt=\"\" srcset=\"https:\/\/visi.nettech.cz\/wp-content\/uploads\/2023\/07\/img2.jpg 400w, https:\/\/visi.nettech.cz\/wp-content\/uploads\/2023\/07\/img2-286x300.jpg 286w\" sizes=\"auto, (max-width: 400px) 100vw, 400px\" style=\"width:100%;height:105%;max-width:400px;\" \/><\/a>\n\t\t\t<\/div><\/figure>\n\t\t<\/div>\n\t\t<\/div>\n\t\t\t\t<\/div>\n\t\t\t\t<\/div>\n\t\t\t\t<div class=\"elementor-element elementor-element-1c7793b elementor-align-center elementor-widget elementor-widget-button\" data-id=\"1c7793b\" data-element_type=\"widget\" data-widget_type=\"button.default\">\n\t\t\t\t<div class=\"elementor-widget-container\">\n\t\t\t\t\t<div class=\"elementor-button-wrapper\">\n\t\t\t<a class=\"elementor-button elementor-button-link elementor-size-sm\" href=\"https:\/\/visi.nettech.cz\/?page_id=633\">\n\t\t\t\t\t\t<span class=\"elementor-button-content-wrapper\">\n\t\t\t\t\t\t<span class=\"elementor-button-text\">REZERVOVAT<\/span>\n\t\t<\/span>\n\t\t\t\t\t<\/a>\n\t\t<\/div>\n\t\t\t\t<\/div>\n\t\t\t\t<\/div>\n\t\t\t\t\t<\/div>\n\t\t<\/div>\n\t\t\t\t\t\t\t<\/div>\n\t\t<\/section>\n\t\t\t\t\t\t\t<\/div>\n\t\t","protected":false},"excerpt":{"rendered":"<p>Galerie Prohl\u00e9dn\u011bte si are\u00e1l Jste zv\u011bdav\u00ed, jak to u n\u00e1s vypad\u00e1? REZERVOVAT<\/p>\n","protected":false},"author":1,"featured_media":0,"parent":0,"menu_order":0,"comment_status":"closed","ping_status":"closed","template":"elementor_header_footer","meta":{"footnotes":""},"class_list":["post-631","page","type-page","status-publish","hentry","entry"],"_links":{"self":[{"href":"https:\/\/visi.nettech.cz\/index.php?rest_route=\/wp\/v2\/pages\/631","targetHints":{"allow":["GET"]}}],"collection":[{"href":"https:\/\/visi.nettech.cz\/index.php?rest_route=\/wp\/v2\/pages"}],"about":[{"href":"https:\/\/visi.nettech.cz\/index.php?rest_route=\/wp\/v2\/types\/page"}],"author":[{"embeddable":true,"href":"https:\/\/visi.nettech.cz\/index.php?rest_route=\/wp\/v2\/users\/1"}],"replies":[{"embeddable":true,"href":"https:\/\/visi.nettech.cz\/index.php?rest_route=%2Fwp%2Fv2%2Fcomments&post=631"}],"version-history":[{"count":16,"href":"https:\/\/visi.nettech.cz\/index.php?rest_route=\/wp\/v2\/pages\/631\/revisions"}],"predecessor-version":[{"id":810,"href":"https:\/\/visi.nettech.cz\/index.php?rest_route=\/wp\/v2\/pages\/631\/revisions\/810"}],"wp:attachment":[{"href":"https:\/\/visi.nettech.cz\/index.php?rest_route=%2Fwp%2Fv2%2Fmedia&parent=631"}],"curies":[{"name":"wp","href":"https:\/\/api.w.org\/{rel}","templated":true}]}}