{"id":819,"date":"2023-11-06T15:11:04","date_gmt":"2023-11-06T14:11:04","guid":{"rendered":"https:\/\/visi.nettech.cz\/?page_id=819"},"modified":"2023-11-06T15:19:42","modified_gmt":"2023-11-06T14:19:42","slug":"provozni-rad","status":"publish","type":"page","link":"https:\/\/visi.nettech.cz\/?page_id=819","title":{"rendered":"Provozn\u00ed \u0159\u00e1d"},"content":{"rendered":"\t\t<div data-elementor-type=\"wp-page\" data-elementor-id=\"819\" class=\"elementor elementor-819\" data-elementor-post-type=\"page\">\n\t\t\t\t\t\t\t\t\t<section class=\"elementor-section elementor-top-section elementor-element elementor-element-61ab3e0 elementor-section-full_width elementor-section-height-default elementor-section-height-default\" data-id=\"61ab3e0\" data-element_type=\"section\" data-settings=\"{&quot;background_background&quot;:&quot;classic&quot;,&quot;_ha_eqh_enable&quot;:false}\">\n\t\t\t\t\t\t\t<div class=\"elementor-background-overlay\"><\/div>\n\t\t\t\t\t\t\t<div class=\"elementor-container elementor-column-gap-default\">\n\t\t\t\t\t<div class=\"elementor-column elementor-col-100 elementor-top-column elementor-element elementor-element-3796018\" data-id=\"3796018\" data-element_type=\"column\" data-settings=\"{&quot;background_background&quot;:&quot;classic&quot;}\">\n\t\t\t<div class=\"elementor-widget-wrap elementor-element-populated\">\n\t\t\t\t\t<div class=\"elementor-background-overlay\"><\/div>\n\t\t\t\t\t\t\t\t<div class=\"elementor-element elementor-element-0b7918b elementor-widget elementor-widget-heading\" data-id=\"0b7918b\" data-element_type=\"widget\" data-widget_type=\"heading.default\">\n\t\t\t\t<div class=\"elementor-widget-container\">\n\t\t\t<style>\/*! elementor - v3.14.0 - 26-06-2023 *\/\n.elementor-heading-title{padding:0;margin:0;line-height:1}.elementor-widget-heading .elementor-heading-title[class*=elementor-size-]>a{color:inherit;font-size:inherit;line-height:inherit}.elementor-widget-heading .elementor-heading-title.elementor-size-small{font-size:15px}.elementor-widget-heading .elementor-heading-title.elementor-size-medium{font-size:19px}.elementor-widget-heading .elementor-heading-title.elementor-size-large{font-size:29px}.elementor-widget-heading .elementor-heading-title.elementor-size-xl{font-size:39px}.elementor-widget-heading .elementor-heading-title.elementor-size-xxl{font-size:59px}<\/style><h1 class=\"elementor-heading-title elementor-size-default\">Provozn\u00ed \u0159\u00e1d<\/h1>\t\t<\/div>\n\t\t\t\t<\/div>\n\t\t\t\t\t<\/div>\n\t\t<\/div>\n\t\t\t\t\t\t\t<\/div>\n\t\t<\/section>\n\t\t\t\t<section class=\"elementor-section elementor-top-section elementor-element elementor-element-292f251 elementor-section-content-middle elementor-section-boxed elementor-section-height-default elementor-section-height-default\" data-id=\"292f251\" data-element_type=\"section\" data-settings=\"{&quot;background_background&quot;:&quot;classic&quot;,&quot;_ha_eqh_enable&quot;:false}\">\n\t\t\t\t\t\t<div class=\"elementor-container elementor-column-gap-default\">\n\t\t\t\t\t<div class=\"elementor-column elementor-col-100 elementor-top-column elementor-element elementor-element-6ec83dd\" data-id=\"6ec83dd\" data-element_type=\"column\">\n\t\t\t<div class=\"elementor-widget-wrap elementor-element-populated\">\n\t\t\t\t\t\t\t\t<div class=\"elementor-element elementor-element-0157adc elementor-widget elementor-widget-heading\" data-id=\"0157adc\" data-element_type=\"widget\" data-widget_type=\"heading.default\">\n\t\t\t\t<div class=\"elementor-widget-container\">\n\t\t\t<h2 class=\"elementor-heading-title elementor-size-default\">Provozn\u00ed \u0159\u00e1d Stellplatz Fabrika - karavanov\u00e1 st\u00e1n\u00ed<\/h2>\t\t<\/div>\n\t\t\t\t<\/div>\n\t\t\t\t<div class=\"elementor-element elementor-element-9490e2b elementor-widget elementor-widget-text-editor\" data-id=\"9490e2b\" data-element_type=\"widget\" data-widget_type=\"text-editor.default\">\n\t\t\t\t<div class=\"elementor-widget-container\">\n\t\t\t<style>\/*! elementor - v3.14.0 - 26-06-2023 *\/\n.elementor-widget-text-editor.elementor-drop-cap-view-stacked .elementor-drop-cap{background-color:#69727d;color:#fff}.elementor-widget-text-editor.elementor-drop-cap-view-framed .elementor-drop-cap{color:#69727d;border:3px solid;background-color:transparent}.elementor-widget-text-editor:not(.elementor-drop-cap-view-default) .elementor-drop-cap{margin-top:8px}.elementor-widget-text-editor:not(.elementor-drop-cap-view-default) .elementor-drop-cap-letter{width:1em;height:1em}.elementor-widget-text-editor .elementor-drop-cap{float:left;text-align:center;line-height:1;font-size:50px}.elementor-widget-text-editor .elementor-drop-cap-letter{display:inline-block}<\/style>\t\t\t\t1. Po vjezdu do are\u00e1lu se n\u00e1v\u0161t\u011bvn\u00edk p\u0159ihl\u00e1s\u00ed zavol\u00e1n\u00edm k pobytu na telefonn\u00ed \u010d\u00edslo spr\u00e1vce.\n<\/br><\/br>\n2. Spr\u00e1vci n\u00e1v\u0161t\u011bvn\u00edk p\u0159ed\u00e1 vypln\u011bn\u00fd dotazn\u00edk (nebo vyplnit dotazn\u00edk na m\u00edst\u011b) s term\u00edny pobytu.\n<\/br><\/br>\n3. N\u00e1v\u0161t\u011bvn\u00edk zaplat\u00ed parkovn\u00e9 na m\u00edst\u011b v hotovosti.\n<\/br><\/br>\n4. Spr\u00e1vce ur\u010d\u00ed parkovac\u00ed st\u00e1n\u00ed, odemkne sloupek (voda a elekt\u0159ina), n\u00e1v\u0161t\u011bvn\u00edk zaparkuje obytn\u00fd v\u016fz.\n<\/br><\/br>\n5. P\u0159\u00edjezd a registrace v are\u00e1lu je mo\u017en\u00e9 od 14:00 do 20:00\n<\/br><\/br>\n6. Do parkovac\u00edch st\u00e1n\u00ed je zak\u00e1z\u00e1n vjezd jin\u00fdm, ne\u017e obytn\u00fdm vozidl\u016fm.\n<\/br><\/br>\n7. V are\u00e1lu je zak\u00e1z\u00e1no stanovat.\n<\/br><\/br>\n8. V are\u00e1lu je mo\u017eno vyu\u017e\u00edt v\u00fdlevku na chemickou toaletu a odpadn\u00ed vodu v cen\u011b parkovn\u00e9ho, tzn. \u017ee za jej\u00ed pou\u017eit\u00ed nen\u00ed \u00fa\u010dtov\u00e1n \u017e\u00e1dn\u00fd dal\u0161\u00ed poplatek\n<\/br><\/br>\n9. V are\u00e1lu je mo\u017enost doplnit si pitnou vodu a p\u0159ipojen\u00ed k elektrick\u00e9 s\u00edti tak\u00e9 v cen\u011b parkovn\u00e9ho p\u0159\u00edmo na m\u00edst\u011b st\u00e1n\u00ed\n<\/br><\/br>\n10.V are\u00e1lu je zak\u00e1z\u00e1no manipulovat s otev\u0159en\u00fdm ohn\u011bm.\n<\/br><\/br>\n11. V are\u00e1lu je z\u00e1kaz pohybu dom\u00e1c\u00edch zv\u00ed\u0159at (pes, ko\u010dka) bez vod\u00edtka.\n<\/br><\/br>\nVen\u010den\u00ed ps\u016f si majitel\u00e9 zaji\u0161\u0165uj\u00ed mimo are\u00e1l\n<\/br><\/br>\n12.Do prostoru parkovac\u00edch m\u00edst je z\u00e1kaz vstupu osob\u00e1m, kter\u00e9 zde nemaj\u00ed zaparkovan\u00fd obytn\u00fd v\u016fz.\n<\/br><\/br>\n13.V are\u00e1lu plat\u00ed no\u010dn\u00ed klid v dob\u011b od 22:00 do 6:30.\n<\/br><\/br>\n14.N\u00e1v\u0161t\u011bvn\u00edci are\u00e1lu jsou povinni udr\u017eovat po\u0159\u00e1dek a vyu\u017e\u00edvat n\u00e1doby na t\u0159\u00edd\u011bn\u00fd odpad.\n<\/br><\/br>\n15.N\u00e1v\u0161t\u011bvn\u00edci jsou povinni po\u010d\u00ednat si tak, aby zejm\u00e9na hlukem, pachy, odpady a chov\u00e1n\u00edm dom\u00e1c\u00edch zv\u00ed\u0159at neobt\u011b\u017eovali ostatn\u00ed n\u00e1v\u0161t\u011bvn\u00edky.\n<\/br><\/br>\n16.Provozovatel are\u00e1lu nenese \u017e\u00e1dnou odpov\u011bdnost za ztr\u00e1tu \u010di \u0161kodu na vozidlech a obytn\u00fdch prost\u0159edc\u00edch a ani na v\u011bcech n\u00e1v\u0161t\u011bvn\u00edk\u016f.\n<\/br><\/br>\n17.P\u0159ed ukon\u010den\u00edm pobytu je n\u00e1v\u0161t\u011bvn\u00edk povinen uv\u00e9st parkovac\u00ed m\u00edsto, kter\u00e9 u\u017e\u00edval, do p\u016fvodn\u00edho stavu.\n<\/br><\/br>\n18.Nedodr\u017een\u00ed Provozn\u00edho \u0159\u00e1du m\u016f\u017ee b\u00fdt posti\u017eeno ukon\u010den\u00edm pobytu bez n\u00e1roku na n\u00e1hradu.\n \t\t\t\t\t\t<\/div>\n\t\t\t\t<\/div>\n\t\t\t\t\t<\/div>\n\t\t<\/div>\n\t\t\t\t\t\t\t<\/div>\n\t\t<\/section>\n\t\t\t\t\t\t\t<\/div>\n\t\t","protected":false},"excerpt":{"rendered":"<p>Provozn\u00ed \u0159\u00e1d Provozn\u00ed \u0159\u00e1d Stellplatz Fabrika &#8211; karavanov\u00e1 st\u00e1n\u00ed 1. Po vjezdu do are\u00e1lu se n\u00e1v\u0161t\u011bvn\u00edk p\u0159ihl\u00e1s\u00ed zavol\u00e1n\u00edm k pobytu na telefonn\u00ed \u010d\u00edslo spr\u00e1vce. 2. Spr\u00e1vci n\u00e1v\u0161t\u011bvn\u00edk p\u0159ed\u00e1 vypln\u011bn\u00fd dotazn\u00edk (nebo vyplnit dotazn\u00edk na m\u00edst\u011b) s term\u00edny pobytu. 3. N\u00e1v\u0161t\u011bvn\u00edk zaplat\u00ed parkovn\u00e9 na m\u00edst\u011b v hotovosti. 4. Spr\u00e1vce ur\u010d\u00ed parkovac\u00ed st\u00e1n\u00ed, odemkne sloupek (voda a&hellip; <a class=\"more-link\" href=\"https:\/\/visi.nettech.cz\/?page_id=819\">Pokra\u010dovat ve\u00a0\u010dten\u00ed <span class=\"screen-reader-text\">Provozn\u00ed \u0159\u00e1d<\/span><\/a><\/p>\n","protected":false},"author":1,"featured_media":0,"parent":0,"menu_order":0,"comment_status":"closed","ping_status":"closed","template":"elementor_header_footer","meta":{"footnotes":""},"class_list":["post-819","page","type-page","status-publish","hentry","entry"],"_links":{"self":[{"href":"https:\/\/visi.nettech.cz\/index.php?rest_route=\/wp\/v2\/pages\/819","targetHints":{"allow":["GET"]}}],"collection":[{"href":"https:\/\/visi.nettech.cz\/index.php?rest_route=\/wp\/v2\/pages"}],"about":[{"href":"https:\/\/visi.nettech.cz\/index.php?rest_route=\/wp\/v2\/types\/page"}],"author":[{"embeddable":true,"href":"https:\/\/visi.nettech.cz\/index.php?rest_route=\/wp\/v2\/users\/1"}],"replies":[{"embeddable":true,"href":"https:\/\/visi.nettech.cz\/index.php?rest_route=%2Fwp%2Fv2%2Fcomments&post=819"}],"version-history":[{"count":11,"href":"https:\/\/visi.nettech.cz\/index.php?rest_route=\/wp\/v2\/pages\/819\/revisions"}],"predecessor-version":[{"id":844,"href":"https:\/\/visi.nettech.cz\/index.php?rest_route=\/wp\/v2\/pages\/819\/revisions\/844"}],"wp:attachment":[{"href":"https:\/\/visi.nettech.cz\/index.php?rest_route=%2Fwp%2Fv2%2Fmedia&parent=819"}],"curies":[{"name":"wp","href":"https:\/\/api.w.org\/{rel}","templated":true}]}}