{"id":833,"date":"2023-11-23T12:02:16","date_gmt":"2023-11-23T11:02:16","guid":{"rendered":"https:\/\/visi.nettech.cz\/?page_id=833"},"modified":"2023-11-23T12:09:35","modified_gmt":"2023-11-23T11:09:35","slug":"obchodni-podminky","status":"publish","type":"page","link":"https:\/\/visi.nettech.cz\/?page_id=833","title":{"rendered":"Obchodn\u00ed podm\u00ednky"},"content":{"rendered":"\t\t<div data-elementor-type=\"wp-page\" data-elementor-id=\"833\" class=\"elementor elementor-833\" data-elementor-post-type=\"page\">\n\t\t\t\t\t\t\t\t\t<section class=\"elementor-section elementor-top-section elementor-element elementor-element-61ab3e0 elementor-section-full_width elementor-section-height-default elementor-section-height-default\" data-id=\"61ab3e0\" data-element_type=\"section\" data-settings=\"{&quot;background_background&quot;:&quot;classic&quot;,&quot;_ha_eqh_enable&quot;:false}\">\n\t\t\t\t\t\t\t<div class=\"elementor-background-overlay\"><\/div>\n\t\t\t\t\t\t\t<div class=\"elementor-container elementor-column-gap-default\">\n\t\t\t\t\t<div class=\"elementor-column elementor-col-100 elementor-top-column elementor-element elementor-element-3796018\" data-id=\"3796018\" data-element_type=\"column\" data-settings=\"{&quot;background_background&quot;:&quot;classic&quot;}\">\n\t\t\t<div class=\"elementor-widget-wrap elementor-element-populated\">\n\t\t\t\t\t<div class=\"elementor-background-overlay\"><\/div>\n\t\t\t\t\t\t\t\t<div class=\"elementor-element elementor-element-0b7918b elementor-widget elementor-widget-heading\" data-id=\"0b7918b\" data-element_type=\"widget\" data-widget_type=\"heading.default\">\n\t\t\t\t<div class=\"elementor-widget-container\">\n\t\t\t<style>\/*! elementor - v3.14.0 - 26-06-2023 *\/\n.elementor-heading-title{padding:0;margin:0;line-height:1}.elementor-widget-heading .elementor-heading-title[class*=elementor-size-]>a{color:inherit;font-size:inherit;line-height:inherit}.elementor-widget-heading .elementor-heading-title.elementor-size-small{font-size:15px}.elementor-widget-heading .elementor-heading-title.elementor-size-medium{font-size:19px}.elementor-widget-heading .elementor-heading-title.elementor-size-large{font-size:29px}.elementor-widget-heading .elementor-heading-title.elementor-size-xl{font-size:39px}.elementor-widget-heading .elementor-heading-title.elementor-size-xxl{font-size:59px}<\/style><h1 class=\"elementor-heading-title elementor-size-default\">Obchodn\u00ed podm\u00ednky<\/h1>\t\t<\/div>\n\t\t\t\t<\/div>\n\t\t\t\t\t<\/div>\n\t\t<\/div>\n\t\t\t\t\t\t\t<\/div>\n\t\t<\/section>\n\t\t\t\t<section class=\"elementor-section elementor-top-section elementor-element elementor-element-292f251 elementor-section-content-middle elementor-section-boxed elementor-section-height-default elementor-section-height-default\" data-id=\"292f251\" data-element_type=\"section\" data-settings=\"{&quot;background_background&quot;:&quot;classic&quot;,&quot;_ha_eqh_enable&quot;:false}\">\n\t\t\t\t\t\t<div class=\"elementor-container elementor-column-gap-default\">\n\t\t\t\t\t<div class=\"elementor-column elementor-col-100 elementor-top-column elementor-element elementor-element-6ec83dd\" data-id=\"6ec83dd\" data-element_type=\"column\">\n\t\t\t<div class=\"elementor-widget-wrap elementor-element-populated\">\n\t\t\t\t\t\t\t\t<div class=\"elementor-element elementor-element-9490e2b elementor-widget elementor-widget-text-editor\" data-id=\"9490e2b\" data-element_type=\"widget\" data-widget_type=\"text-editor.default\">\n\t\t\t\t<div class=\"elementor-widget-container\">\n\t\t\t<style>\/*! elementor - v3.14.0 - 26-06-2023 *\/\n.elementor-widget-text-editor.elementor-drop-cap-view-stacked .elementor-drop-cap{background-color:#69727d;color:#fff}.elementor-widget-text-editor.elementor-drop-cap-view-framed .elementor-drop-cap{color:#69727d;border:3px solid;background-color:transparent}.elementor-widget-text-editor:not(.elementor-drop-cap-view-default) .elementor-drop-cap{margin-top:8px}.elementor-widget-text-editor:not(.elementor-drop-cap-view-default) .elementor-drop-cap-letter{width:1em;height:1em}.elementor-widget-text-editor .elementor-drop-cap{float:left;text-align:center;line-height:1;font-size:50px}.elementor-widget-text-editor .elementor-drop-cap-letter{display:inline-block}<\/style>\t\t\t\tProvozovatel: D\u0159evokov Blatn\u00e1 a.s.<\/br>\u2028Adresa: Vrbensk\u00e1 25, Blatn\u00e1 388 12, \u010cesk\u00e1 republika\u2028<\/br>I\u010cO: 00028550, DI\u010c: CZ00028550\u2028<\/br>Kontakt: Email: info@drevokovblatna.cz, Telefon: +420 603 187 739, <\/br>Web: stellplatzfabrika.cz\u2028<\/br>Tyto obchodn\u00ed podm\u00ednky upravuj\u00ed vztahy mezi provozovatelem a klienty vyu\u017e\u00edvaj\u00edc\u00edmi slu\u017ebu karavanov\u00e9ho st\u00e1n\u00ed.\n\t\t\t\t\t\t<\/div>\n\t\t\t\t<\/div>\n\t\t\t\t<div class=\"elementor-element elementor-element-c7bf183 elementor-widget elementor-widget-heading\" data-id=\"c7bf183\" data-element_type=\"widget\" data-widget_type=\"heading.default\">\n\t\t\t\t<div class=\"elementor-widget-container\">\n\t\t\t<h4 class=\"elementor-heading-title elementor-size-default\">Vyu\u017e\u00edv\u00e1n\u00ed st\u00e1n\u00ed\n<\/h4>\t\t<\/div>\n\t\t\t\t<\/div>\n\t\t\t\t<div class=\"elementor-element elementor-element-b186126 elementor-widget elementor-widget-text-editor\" data-id=\"b186126\" data-element_type=\"widget\" data-widget_type=\"text-editor.default\">\n\t\t\t\t<div class=\"elementor-widget-container\">\n\t\t\t\t\t\t\tKlienti jsou opr\u00e1vn\u011bni vyu\u017e\u00edvat st\u00e1n\u00ed pro parkov\u00e1n\u00ed karavan\u016f podle specifikac\u00ed a rezerva\u010dn\u00edch podm\u00ednek. Provozovatel zavazuje se dostupnost a kvalitu st\u00e1n\u00ed dle popisu slu\u017eby.\t\t\t\t\t\t<\/div>\n\t\t\t\t<\/div>\n\t\t\t\t<div class=\"elementor-element elementor-element-719ead6 elementor-widget elementor-widget-heading\" data-id=\"719ead6\" data-element_type=\"widget\" data-widget_type=\"heading.default\">\n\t\t\t\t<div class=\"elementor-widget-container\">\n\t\t\t<h4 class=\"elementor-heading-title elementor-size-default\">Ceny a platebn\u00ed podm\u00ednky\n<\/h4>\t\t<\/div>\n\t\t\t\t<\/div>\n\t\t\t\t<div class=\"elementor-element elementor-element-b097c51 elementor-widget elementor-widget-text-editor\" data-id=\"b097c51\" data-element_type=\"widget\" data-widget_type=\"text-editor.default\">\n\t\t\t\t<div class=\"elementor-widget-container\">\n\t\t\t\t\t\t\tCeny za vyu\u017eit\u00ed st\u00e1n\u00ed jsou uvedeny na webu stellplatzfabrika.cz. Platby jsou mo\u017en\u00e9 p\u0159edem online nebo p\u0159\u00edmo na m\u00edst\u011b v hotovosti \u010di kartou.\t\t\t\t\t\t<\/div>\n\t\t\t\t<\/div>\n\t\t\t\t<div class=\"elementor-element elementor-element-e302da2 elementor-widget elementor-widget-heading\" data-id=\"e302da2\" data-element_type=\"widget\" data-widget_type=\"heading.default\">\n\t\t\t\t<div class=\"elementor-widget-container\">\n\t\t\t<h4 class=\"elementor-heading-title elementor-size-default\">Rezervace a storno<\/h4>\t\t<\/div>\n\t\t\t\t<\/div>\n\t\t\t\t<div class=\"elementor-element elementor-element-718963f elementor-widget elementor-widget-text-editor\" data-id=\"718963f\" data-element_type=\"widget\" data-widget_type=\"text-editor.default\">\n\t\t\t\t<div class=\"elementor-widget-container\">\n\t\t\t\t\t\t\tRezervace mohou b\u00fdt realizov\u00e1ny provedeny online nebo telefonicky. Storno podm\u00ednky: zdarma do 24 hodin p\u0159ed p\u0159\u00edjezdem, pot\u00e9 se \u00fa\u010dtuje storno poplatek.\t\t\t\t\t\t<\/div>\n\t\t\t\t<\/div>\n\t\t\t\t<div class=\"elementor-element elementor-element-1ccbd77 elementor-widget elementor-widget-heading\" data-id=\"1ccbd77\" data-element_type=\"widget\" data-widget_type=\"heading.default\">\n\t\t\t\t<div class=\"elementor-widget-container\">\n\t\t\t<h4 class=\"elementor-heading-title elementor-size-default\">Povinnosti a pr\u00e1va klient\u016f<\/h4>\t\t<\/div>\n\t\t\t\t<\/div>\n\t\t\t\t<div class=\"elementor-element elementor-element-1037d3a elementor-widget elementor-widget-text-editor\" data-id=\"1037d3a\" data-element_type=\"widget\" data-widget_type=\"text-editor.default\">\n\t\t\t\t<div class=\"elementor-widget-container\">\n\t\t\t\t\t\t\tKlienti jsou opr\u00e1vn\u011bni vyu\u017e\u00edvat st\u00e1n\u00ed pro parkov\u00e1n\u00ed karavan\u016f podle specifikac\u00ed a rezerva\u010dn\u00edch podm\u00ednek. Provozovatel zavazuje se dostupnost a kvalitu st\u00e1n\u00ed dle popisu slu\u017eby.\t\t\t\t\t\t<\/div>\n\t\t\t\t<\/div>\n\t\t\t\t<div class=\"elementor-element elementor-element-85d6d81 elementor-widget elementor-widget-heading\" data-id=\"85d6d81\" data-element_type=\"widget\" data-widget_type=\"heading.default\">\n\t\t\t\t<div class=\"elementor-widget-container\">\n\t\t\t<h4 class=\"elementor-heading-title elementor-size-default\">Povinnosti a pr\u00e1va klient\u016f<\/h4>\t\t<\/div>\n\t\t\t\t<\/div>\n\t\t\t\t<div class=\"elementor-element elementor-element-629d96b elementor-widget elementor-widget-text-editor\" data-id=\"629d96b\" data-element_type=\"widget\" data-widget_type=\"text-editor.default\">\n\t\t\t\t<div class=\"elementor-widget-container\">\n\t\t\t\t\t\t\tKlienti jsou povinni dodr\u017eovat pravidla stanoven\u00e1 provozovatelem, v\u010detn\u011b pravidel ohledn\u011b bezpe\u010dnosti a hygieny. Klienti jsou opr\u00e1vn\u011bni na kvalitn\u00ed slu\u017eby v souladu s popisem a standardy provozovatele.\t\t\t\t\t\t<\/div>\n\t\t\t\t<\/div>\n\t\t\t\t<div class=\"elementor-element elementor-element-1c8d035 elementor-widget elementor-widget-heading\" data-id=\"1c8d035\" data-element_type=\"widget\" data-widget_type=\"heading.default\">\n\t\t\t\t<div class=\"elementor-widget-container\">\n\t\t\t<h4 class=\"elementor-heading-title elementor-size-default\">Ochrana osobn\u00edch \u00fadaj\u016f<\/h4>\t\t<\/div>\n\t\t\t\t<\/div>\n\t\t\t\t<div class=\"elementor-element elementor-element-59b68c0 elementor-widget elementor-widget-text-editor\" data-id=\"59b68c0\" data-element_type=\"widget\" data-widget_type=\"text-editor.default\">\n\t\t\t\t<div class=\"elementor-widget-container\">\n\t\t\t\t\t\t\tOsobn\u00ed \u00fadaje poskytnut\u00e9 klienty jsou zpracov\u00e1v\u00e1ny v souladu s GDPR a pou\u017e\u00edv\u00e1ny pouze pro \u00fa\u010dely rezervace a komunikace souvisej\u00edc\u00ed se slu\u017ebami.\n\t\t\t\t\t\t<\/div>\n\t\t\t\t<\/div>\n\t\t\t\t<div class=\"elementor-element elementor-element-04cabdd elementor-widget elementor-widget-heading\" data-id=\"04cabdd\" data-element_type=\"widget\" data-widget_type=\"heading.default\">\n\t\t\t\t<div class=\"elementor-widget-container\">\n\t\t\t<h4 class=\"elementor-heading-title elementor-size-default\">N\u00e1kup Rezervace St\u00e1n\u00ed P\u0159es Web<\/h4>\t\t<\/div>\n\t\t\t\t<\/div>\n\t\t\t\t<div class=\"elementor-element elementor-element-6ea1afe elementor-widget elementor-widget-text-editor\" data-id=\"6ea1afe\" data-element_type=\"widget\" data-widget_type=\"text-editor.default\">\n\t\t\t\t<div class=\"elementor-widget-container\">\n\t\t\t\t\t\t\tKlienti jsou opr\u00e1vn\u011bni vyu\u017e\u00edvat st\u00e1n\u00ed pro parkov\u00e1n\u00ed karavan\u016f podle specifikac\u00ed a rezerva\u010dn\u00edch podm\u00ednek. Provozovatel zavazuje se dostupnost a kvalitu st\u00e1n\u00ed dle popisu slu\u017eby.\t\t\t\t\t\t<\/div>\n\t\t\t\t<\/div>\n\t\t\t\t<div class=\"elementor-element elementor-element-9d12320 elementor-widget elementor-widget-heading\" data-id=\"9d12320\" data-element_type=\"widget\" data-widget_type=\"heading.default\">\n\t\t\t\t<div class=\"elementor-widget-container\">\n\t\t\t<h4 class=\"elementor-heading-title elementor-size-default\">Z\u00e1v\u011bre\u010dn\u00e1 ustanoven\u00ed\n<\/h4>\t\t<\/div>\n\t\t\t\t<\/div>\n\t\t\t\t<div class=\"elementor-element elementor-element-411a10a elementor-widget elementor-widget-text-editor\" data-id=\"411a10a\" data-element_type=\"widget\" data-widget_type=\"text-editor.default\">\n\t\t\t\t<div class=\"elementor-widget-container\">\n\t\t\t\t\t\t\tV p\u0159\u00edpad\u011b spor\u016f se bude uplat\u0148ovat pr\u00e1vo \u010cesk\u00e9 republiky. Tato verze obchodn\u00edch podm\u00ednek nabyde \u00fa\u010dinnosti dnem jej\u00edho zve\u0159ejn\u011bn\u00ed na webu stellplatzfabrika.cz\t\t\t\t\t\t<\/div>\n\t\t\t\t<\/div>\n\t\t\t\t\t<\/div>\n\t\t<\/div>\n\t\t\t\t\t\t\t<\/div>\n\t\t<\/section>\n\t\t\t\t\t\t\t<\/div>\n\t\t","protected":false},"excerpt":{"rendered":"<p>Obchodn\u00ed podm\u00ednky Provozovatel: D\u0159evokov Blatn\u00e1 a.s.\u2028Adresa: Vrbensk\u00e1 25, Blatn\u00e1 388 12, \u010cesk\u00e1 republika\u2028I\u010cO: 00028550, DI\u010c: CZ00028550\u2028Kontakt: Email: info@drevokovblatna.cz, Telefon: +420 603 187 739, Web: stellplatzfabrika.cz\u2028Tyto obchodn\u00ed podm\u00ednky upravuj\u00ed vztahy mezi provozovatelem a klienty vyu\u017e\u00edvaj\u00edc\u00edmi slu\u017ebu karavanov\u00e9ho st\u00e1n\u00ed. Vyu\u017e\u00edv\u00e1n\u00ed st\u00e1n\u00ed Klienti jsou opr\u00e1vn\u011bni vyu\u017e\u00edvat st\u00e1n\u00ed pro parkov\u00e1n\u00ed karavan\u016f podle specifikac\u00ed a rezerva\u010dn\u00edch podm\u00ednek. Provozovatel zavazuje se&hellip; <a class=\"more-link\" href=\"https:\/\/visi.nettech.cz\/?page_id=833\">Pokra\u010dovat ve\u00a0\u010dten\u00ed <span class=\"screen-reader-text\">Obchodn\u00ed podm\u00ednky<\/span><\/a><\/p>\n","protected":false},"author":1,"featured_media":0,"parent":0,"menu_order":0,"comment_status":"closed","ping_status":"closed","template":"elementor_header_footer","meta":{"footnotes":""},"class_list":["post-833","page","type-page","status-publish","hentry","entry"],"_links":{"self":[{"href":"https:\/\/visi.nettech.cz\/index.php?rest_route=\/wp\/v2\/pages\/833","targetHints":{"allow":["GET"]}}],"collection":[{"href":"https:\/\/visi.nettech.cz\/index.php?rest_route=\/wp\/v2\/pages"}],"about":[{"href":"https:\/\/visi.nettech.cz\/index.php?rest_route=\/wp\/v2\/types\/page"}],"author":[{"embeddable":true,"href":"https:\/\/visi.nettech.cz\/index.php?rest_route=\/wp\/v2\/users\/1"}],"replies":[{"embeddable":true,"href":"https:\/\/visi.nettech.cz\/index.php?rest_route=%2Fwp%2Fv2%2Fcomments&post=833"}],"version-history":[{"count":5,"href":"https:\/\/visi.nettech.cz\/index.php?rest_route=\/wp\/v2\/pages\/833\/revisions"}],"predecessor-version":[{"id":843,"href":"https:\/\/visi.nettech.cz\/index.php?rest_route=\/wp\/v2\/pages\/833\/revisions\/843"}],"wp:attachment":[{"href":"https:\/\/visi.nettech.cz\/index.php?rest_route=%2Fwp%2Fv2%2Fmedia&parent=833"}],"curies":[{"name":"wp","href":"https:\/\/api.w.org\/{rel}","templated":true}]}}